{"id":219,"date":"2024-01-19T09:52:17","date_gmt":"2024-01-19T08:52:17","guid":{"rendered":"https:\/\/guanteportero.com\/?page_id=219"},"modified":"2024-02-23T12:05:14","modified_gmt":"2024-02-23T11:05:14","slug":"guante-entreno","status":"publish","type":"page","link":"https:\/\/guanteportero.com\/index.php\/guante-entreno\/","title":{"rendered":"Guante de entreno"},"content":{"rendered":"\t\t<div data-elementor-type=\"wp-page\" data-elementor-id=\"219\" class=\"elementor elementor-219\" data-elementor-post-type=\"page\">\n\t\t\t\t\t\t<section class=\"elementor-section elementor-top-section elementor-element elementor-element-a2442eb elementor-section-boxed elementor-section-height-default elementor-section-height-default\" data-id=\"a2442eb\" data-element_type=\"section\" data-settings=\"{&quot;background_background&quot;:&quot;classic&quot;,&quot;shape_divider_bottom&quot;:&quot;tilt&quot;}\">\n\t\t\t\t\t<div class=\"elementor-shape elementor-shape-bottom\" data-negative=\"false\">\n\t\t\t<svg xmlns=\"http:\/\/www.w3.org\/2000\/svg\" viewBox=\"0 0 1000 100\" preserveAspectRatio=\"none\">\n\t<path class=\"elementor-shape-fill\" d=\"M0,6V0h1000v100L0,6z\"\/>\n<\/svg>\t\t<\/div>\n\t\t\t\t\t<div class=\"elementor-container elementor-column-gap-no\">\n\t\t\t\t\t<div class=\"elementor-column elementor-col-100 elementor-top-column elementor-element elementor-element-8f05da2\" data-id=\"8f05da2\" data-element_type=\"column\">\n\t\t\t<div class=\"elementor-widget-wrap elementor-element-populated\">\n\t\t\t\t\t\t<div class=\"elementor-element elementor-element-36e326a elementor-widget elementor-widget-heading\" data-id=\"36e326a\" data-element_type=\"widget\" data-widget_type=\"heading.default\">\n\t\t\t\t<div class=\"elementor-widget-container\">\n\t\t\t<style>\/*! elementor - v3.19.0 - 28-02-2024 *\/\n.elementor-heading-title{padding:0;margin:0;line-height:1}.elementor-widget-heading .elementor-heading-title[class*=elementor-size-]>a{color:inherit;font-size:inherit;line-height:inherit}.elementor-widget-heading .elementor-heading-title.elementor-size-small{font-size:15px}.elementor-widget-heading .elementor-heading-title.elementor-size-medium{font-size:19px}.elementor-widget-heading .elementor-heading-title.elementor-size-large{font-size:29px}.elementor-widget-heading .elementor-heading-title.elementor-size-xl{font-size:39px}.elementor-widget-heading .elementor-heading-title.elementor-size-xxl{font-size:59px}<\/style><h1 class=\"elementor-heading-title elementor-size-default\">Guante de entreno<\/h1>\t\t<\/div>\n\t\t\t\t<\/div>\n\t\t\t\t\t<\/div>\n\t\t<\/div>\n\t\t\t\t\t<\/div>\n\t\t<\/section>\n\t\t<div class=\"elementor-element elementor-element-4857912 e-flex e-con-boxed e-con e-parent\" data-id=\"4857912\" data-element_type=\"container\" data-settings=\"{&quot;content_width&quot;:&quot;boxed&quot;}\" data-core-v316-plus=\"true\">\n\t\t\t\t\t<div class=\"e-con-inner\">\n\t\t\t\t\t<\/div>\n\t\t\t\t<\/div>\n\t\t\t\t<section class=\"elementor-section elementor-top-section elementor-element elementor-element-867bc25 elementor-section-boxed elementor-section-height-default elementor-section-height-default\" data-id=\"867bc25\" data-element_type=\"section\">\n\t\t\t\t\t\t<div class=\"elementor-container elementor-column-gap-no\">\n\t\t\t\t\t<div class=\"elementor-column elementor-col-50 elementor-top-column elementor-element elementor-element-aa2eb9b\" data-id=\"aa2eb9b\" data-element_type=\"column\">\n\t\t\t<div class=\"elementor-widget-wrap elementor-element-populated\">\n\t\t\t\t\t\t<div class=\"elementor-element elementor-element-f81960b elementor-widget elementor-widget-heading\" data-id=\"f81960b\" data-element_type=\"widget\" data-widget_type=\"heading.default\">\n\t\t\t\t<div class=\"elementor-widget-container\">\n\t\t\t<h2 class=\"elementor-heading-title elementor-size-default\">\u00bfQue se considera un guante de entrenamiento?<\/h2>\t\t<\/div>\n\t\t\t\t<\/div>\n\t\t\t\t\t<\/div>\n\t\t<\/div>\n\t\t\t\t<div class=\"elementor-column elementor-col-50 elementor-top-column elementor-element elementor-element-397b7c2\" data-id=\"397b7c2\" data-element_type=\"column\">\n\t\t\t<div class=\"elementor-widget-wrap elementor-element-populated\">\n\t\t\t\t\t\t<div class=\"elementor-element elementor-element-e39cf10 elementor-widget elementor-widget-text-editor\" data-id=\"e39cf10\" data-element_type=\"widget\" data-widget_type=\"text-editor.default\">\n\t\t\t\t<div class=\"elementor-widget-container\">\n\t\t\t<style>\/*! elementor - v3.19.0 - 28-02-2024 *\/\n.elementor-widget-text-editor.elementor-drop-cap-view-stacked .elementor-drop-cap{background-color:#69727d;color:#fff}.elementor-widget-text-editor.elementor-drop-cap-view-framed .elementor-drop-cap{color:#69727d;border:3px solid;background-color:transparent}.elementor-widget-text-editor:not(.elementor-drop-cap-view-default) .elementor-drop-cap{margin-top:8px}.elementor-widget-text-editor:not(.elementor-drop-cap-view-default) .elementor-drop-cap-letter{width:1em;height:1em}.elementor-widget-text-editor .elementor-drop-cap{float:left;text-align:center;line-height:1;font-size:50px}.elementor-widget-text-editor .elementor-drop-cap-letter{display:inline-block}<\/style>\t\t\t\t<p>Los guantes de entrenamiento o pr\u00e1ctica est\u00e1n dise\u00f1ados para jugadores principiantes y sesiones de entreno que hacen que el desgaste del l\u00e1tex sea mayor. Estos guantes tienen menos l\u00e1tex natural y m\u00e1s l\u00e1tex sint\u00e9tico, lo que deriva en un sacrificio del agarre para aumentar duraci\u00f3n. Estos tienden a durar mucho m\u00e1s que los guantes de partido.<\/p>\t\t\t\t\t\t<\/div>\n\t\t\t\t<\/div>\n\t\t\t\t\t<\/div>\n\t\t<\/div>\n\t\t\t\t\t<\/div>\n\t\t<\/section>\n\t\t<div class=\"elementor-element elementor-element-cfda8a5 e-flex e-con-boxed e-con e-parent\" data-id=\"cfda8a5\" data-element_type=\"container\" data-settings=\"{&quot;content_width&quot;:&quot;boxed&quot;}\" data-core-v316-plus=\"true\">\n\t\t\t\t\t<div class=\"e-con-inner\">\n\t\t\t\t<div class=\"elementor-element elementor-element-ad4046f elementor-widget elementor-widget-text-editor\" data-id=\"ad4046f\" data-element_type=\"widget\" data-widget_type=\"text-editor.default\">\n\t\t\t\t<div class=\"elementor-widget-container\">\n\t\t\t\t\t\t\t\t\t\t\t\t\t<\/div>\n\t\t\t\t<\/div>\n\t\t\t\t\t<\/div>\n\t\t\t\t<\/div>\n\t\t<div class=\"elementor-element elementor-element-2c72674 e-flex e-con-boxed e-con e-parent\" data-id=\"2c72674\" data-element_type=\"container\" data-settings=\"{&quot;content_width&quot;:&quot;boxed&quot;}\" data-core-v316-plus=\"true\">\n\t\t\t\t\t<div class=\"e-con-inner\">\n\t\t\t\t<div class=\"elementor-element elementor-element-26dc1d3 elementor-widget elementor-widget-aawp\" data-id=\"26dc1d3\" data-element_type=\"widget\" data-widget_type=\"aawp.default\">\n\t\t\t\t<div class=\"elementor-widget-container\">\n\t\t\t<p >No se han encontrado productos.<\/p>\t\t<\/div>\n\t\t\t\t<\/div>\n\t\t\t\t\t<\/div>\n\t\t\t\t<\/div>\n\t\t\t\t<\/div>\n\t\t","protected":false},"excerpt":{"rendered":"<p>Guante de entreno \u00bfQue se considera un guante de entrenamiento? Los guantes de entrenamiento o pr\u00e1ctica est\u00e1n dise\u00f1ados para jugadores principiantes y sesiones de entreno que hacen que el desgaste del l\u00e1tex sea mayor. Estos guantes tienen menos l\u00e1tex natural y m\u00e1s l\u00e1tex sint\u00e9tico, lo que deriva en un sacrificio del agarre para aumentar duraci\u00f3n. &hellip;<\/p>\n","protected":false},"author":1,"featured_media":0,"parent":0,"menu_order":0,"comment_status":"closed","ping_status":"closed","template":"page-templates\/page-builder.php","meta":{"footnotes":""},"yoast_head":"<!-- This site is optimized with the Yoast SEO plugin v22.1 - https:\/\/yoast.com\/wordpress\/plugins\/seo\/ -->\n<title>Guantes de entreno para porteros<\/title>\n<meta name=\"robots\" content=\"index, follow, max-snippet:-1, max-image-preview:large, max-video-preview:-1\" \/>\n<link rel=\"canonical\" href=\"https:\/\/guanteportero.com\/index.php\/guante-entreno\/\" \/>\n<meta property=\"og:locale\" content=\"en_US\" \/>\n<meta property=\"og:type\" content=\"article\" \/>\n<meta property=\"og:title\" content=\"Guantes de entreno para porteros\" \/>\n<meta property=\"og:description\" content=\"Guante de entreno \u00bfQue se considera un guante de entrenamiento? Los guantes de entrenamiento o pr\u00e1ctica est\u00e1n dise\u00f1ados para jugadores principiantes y sesiones de entreno que hacen que el desgaste del l\u00e1tex sea mayor. Estos guantes tienen menos l\u00e1tex natural y m\u00e1s l\u00e1tex sint\u00e9tico, lo que deriva en un sacrificio del agarre para aumentar duraci\u00f3n. &hellip;\" \/>\n<meta property=\"og:url\" content=\"https:\/\/guanteportero.com\/index.php\/guante-entreno\/\" \/>\n<meta property=\"og:site_name\" content=\"Guante Portero\" \/>\n<meta property=\"article:modified_time\" content=\"2024-02-23T11:05:14+00:00\" \/>\n<meta name=\"twitter:card\" content=\"summary_large_image\" \/>\n<meta name=\"twitter:label1\" content=\"Est. reading time\" \/>\n\t<meta name=\"twitter:data1\" content=\"2 minutes\" \/>\n<script type=\"application\/ld+json\" class=\"yoast-schema-graph\">{\"@context\":\"https:\/\/schema.org\",\"@graph\":[{\"@type\":\"WebPage\",\"@id\":\"https:\/\/guanteportero.com\/index.php\/guante-entreno\/\",\"url\":\"https:\/\/guanteportero.com\/index.php\/guante-entreno\/\",\"name\":\"Guantes de entreno para porteros\",\"isPartOf\":{\"@id\":\"https:\/\/guanteportero.com\/#website\"},\"datePublished\":\"2024-01-19T08:52:17+00:00\",\"dateModified\":\"2024-02-23T11:05:14+00:00\",\"breadcrumb\":{\"@id\":\"https:\/\/guanteportero.com\/index.php\/guante-entreno\/#breadcrumb\"},\"inLanguage\":\"en-US\",\"potentialAction\":[{\"@type\":\"ReadAction\",\"target\":[\"https:\/\/guanteportero.com\/index.php\/guante-entreno\/\"]}]},{\"@type\":\"BreadcrumbList\",\"@id\":\"https:\/\/guanteportero.com\/index.php\/guante-entreno\/#breadcrumb\",\"itemListElement\":[{\"@type\":\"ListItem\",\"position\":1,\"name\":\"Portada\",\"item\":\"https:\/\/guanteportero.com\/\"},{\"@type\":\"ListItem\",\"position\":2,\"name\":\"Guante de entreno\"}]},{\"@type\":\"WebSite\",\"@id\":\"https:\/\/guanteportero.com\/#website\",\"url\":\"https:\/\/guanteportero.com\/\",\"name\":\"Guantes de portero\",\"description\":\"La p\u00e1gina de informaci\u00f3n de referencia para la adquisici\u00f3n de guantes de portero.\",\"publisher\":{\"@id\":\"https:\/\/guanteportero.com\/#organization\"},\"potentialAction\":[{\"@type\":\"SearchAction\",\"target\":{\"@type\":\"EntryPoint\",\"urlTemplate\":\"https:\/\/guanteportero.com\/?s={search_term_string}\"},\"query-input\":\"required name=search_term_string\"}],\"inLanguage\":\"en-US\"},{\"@type\":\"Organization\",\"@id\":\"https:\/\/guanteportero.com\/#organization\",\"name\":\"Guantes de portero\",\"url\":\"https:\/\/guanteportero.com\/\",\"logo\":{\"@type\":\"ImageObject\",\"inLanguage\":\"en-US\",\"@id\":\"https:\/\/guanteportero.com\/#\/schema\/logo\/image\/\",\"url\":\"https:\/\/guanteportero.com\/wp-content\/uploads\/2024\/01\/logo-gdp2.png\",\"contentUrl\":\"https:\/\/guanteportero.com\/wp-content\/uploads\/2024\/01\/logo-gdp2.png\",\"width\":586,\"height\":160,\"caption\":\"Guantes de portero\"},\"image\":{\"@id\":\"https:\/\/guanteportero.com\/#\/schema\/logo\/image\/\"}}]}<\/script>\n<!-- \/ Yoast SEO plugin. -->","yoast_head_json":{"title":"Guantes de entreno para porteros","robots":{"index":"index","follow":"follow","max-snippet":"max-snippet:-1","max-image-preview":"max-image-preview:large","max-video-preview":"max-video-preview:-1"},"canonical":"https:\/\/guanteportero.com\/index.php\/guante-entreno\/","og_locale":"en_US","og_type":"article","og_title":"Guantes de entreno para porteros","og_description":"Guante de entreno \u00bfQue se considera un guante de entrenamiento? Los guantes de entrenamiento o pr\u00e1ctica est\u00e1n dise\u00f1ados para jugadores principiantes y sesiones de entreno que hacen que el desgaste del l\u00e1tex sea mayor. Estos guantes tienen menos l\u00e1tex natural y m\u00e1s l\u00e1tex sint\u00e9tico, lo que deriva en un sacrificio del agarre para aumentar duraci\u00f3n. &hellip;","og_url":"https:\/\/guanteportero.com\/index.php\/guante-entreno\/","og_site_name":"Guante Portero","article_modified_time":"2024-02-23T11:05:14+00:00","twitter_card":"summary_large_image","twitter_misc":{"Est. reading time":"2 minutes"},"schema":{"@context":"https:\/\/schema.org","@graph":[{"@type":"WebPage","@id":"https:\/\/guanteportero.com\/index.php\/guante-entreno\/","url":"https:\/\/guanteportero.com\/index.php\/guante-entreno\/","name":"Guantes de entreno para porteros","isPartOf":{"@id":"https:\/\/guanteportero.com\/#website"},"datePublished":"2024-01-19T08:52:17+00:00","dateModified":"2024-02-23T11:05:14+00:00","breadcrumb":{"@id":"https:\/\/guanteportero.com\/index.php\/guante-entreno\/#breadcrumb"},"inLanguage":"en-US","potentialAction":[{"@type":"ReadAction","target":["https:\/\/guanteportero.com\/index.php\/guante-entreno\/"]}]},{"@type":"BreadcrumbList","@id":"https:\/\/guanteportero.com\/index.php\/guante-entreno\/#breadcrumb","itemListElement":[{"@type":"ListItem","position":1,"name":"Portada","item":"https:\/\/guanteportero.com\/"},{"@type":"ListItem","position":2,"name":"Guante de entreno"}]},{"@type":"WebSite","@id":"https:\/\/guanteportero.com\/#website","url":"https:\/\/guanteportero.com\/","name":"Guantes de portero","description":"La p\u00e1gina de informaci\u00f3n de referencia para la adquisici\u00f3n de guantes de portero.","publisher":{"@id":"https:\/\/guanteportero.com\/#organization"},"potentialAction":[{"@type":"SearchAction","target":{"@type":"EntryPoint","urlTemplate":"https:\/\/guanteportero.com\/?s={search_term_string}"},"query-input":"required name=search_term_string"}],"inLanguage":"en-US"},{"@type":"Organization","@id":"https:\/\/guanteportero.com\/#organization","name":"Guantes de portero","url":"https:\/\/guanteportero.com\/","logo":{"@type":"ImageObject","inLanguage":"en-US","@id":"https:\/\/guanteportero.com\/#\/schema\/logo\/image\/","url":"https:\/\/guanteportero.com\/wp-content\/uploads\/2024\/01\/logo-gdp2.png","contentUrl":"https:\/\/guanteportero.com\/wp-content\/uploads\/2024\/01\/logo-gdp2.png","width":586,"height":160,"caption":"Guantes de portero"},"image":{"@id":"https:\/\/guanteportero.com\/#\/schema\/logo\/image\/"}}]}},"_links":{"self":[{"href":"https:\/\/guanteportero.com\/index.php\/wp-json\/wp\/v2\/pages\/219"}],"collection":[{"href":"https:\/\/guanteportero.com\/index.php\/wp-json\/wp\/v2\/pages"}],"about":[{"href":"https:\/\/guanteportero.com\/index.php\/wp-json\/wp\/v2\/types\/page"}],"author":[{"embeddable":true,"href":"https:\/\/guanteportero.com\/index.php\/wp-json\/wp\/v2\/users\/1"}],"replies":[{"embeddable":true,"href":"https:\/\/guanteportero.com\/index.php\/wp-json\/wp\/v2\/comments?post=219"}],"version-history":[{"count":21,"href":"https:\/\/guanteportero.com\/index.php\/wp-json\/wp\/v2\/pages\/219\/revisions"}],"predecessor-version":[{"id":676,"href":"https:\/\/guanteportero.com\/index.php\/wp-json\/wp\/v2\/pages\/219\/revisions\/676"}],"wp:attachment":[{"href":"https:\/\/guanteportero.com\/index.php\/wp-json\/wp\/v2\/media?parent=219"}],"curies":[{"name":"wp","href":"https:\/\/api.w.org\/{rel}","templated":true}]}}